{"id":127,"date":"2017-04-25T16:50:47","date_gmt":"2017-04-25T16:50:47","guid":{"rendered":"http:\/\/www.expofuturo.cl\/?page_id=127"},"modified":"2025-08-29T13:09:11","modified_gmt":"2025-08-29T17:09:11","slug":"alumnos","status":"publish","type":"page","link":"https:\/\/www.expofuturo.cl\/index.php\/alumnos\/","title":{"rendered":"ALUMNOS Y EXPOSITORES"},"content":{"rendered":"<p>[et_pb_section fb_built=\u00bb1&#8243; _builder_version=\u00bb4.16&#8243; global_colors_info=\u00bb{}\u00bb][et_pb_row _builder_version=\u00bb4.16&#8243; background_size=\u00bbinitial\u00bb background_position=\u00bbtop_left\u00bb background_repeat=\u00bbrepeat\u00bb global_colors_info=\u00bb{}\u00bb][et_pb_column type=\u00bb4_4&#8243; _builder_version=\u00bb4.16&#8243; custom_padding=\u00bb|||\u00bb global_colors_info=\u00bb{}\u00bb custom_padding__hover=\u00bb|||\u00bb][et_pb_image src=\u00bbhttps:\/\/www.expofuturo.cl\/wp-content\/uploads\/2025\/08\/1.png\u00bb _builder_version=\u00bb4.27.4&#8243; _module_preset=\u00bbdefault\u00bb theme_builder_area=\u00bbpost_content\u00bb title_text=\u00bb1&#8243; hover_enabled=\u00bb0&#8243; sticky_enabled=\u00bb0&#8243;][\/et_pb_image][et_pb_text _builder_version=\u00bb4.27.4&#8243; _module_preset=\u00bbdefault\u00bb hover_enabled=\u00bb0&#8243; sticky_enabled=\u00bb0&#8243;]<\/p>\n<table width=\"741\">\n<tbody>\n<tr>\n<td rowspan=\"2\" width=\"80\">Sala 1<\/td>\n<td width=\"283\">Medicina<\/td>\n<td width=\"378\">Jos\u00e9 Pablo Guerrero Blanco<\/td>\n<\/tr>\n<tr>\n<td>Enfermer\u00eda<\/td>\n<td width=\"378\">Sebasti\u00e1n Ignacio Cuevas Cuevas &#8211; Rosa S\u00e1nchez Cruz<br \/>Yasna Gonz\u00e1lez Vald\u00e9s &#8211; Aracelli Orellana Canales<\/td>\n<\/tr>\n<tr>\n<td rowspan=\"3\">Sala 2<\/td>\n<td>Qu\u00edmico farmac\u00e9utico<\/td>\n<td>Luis Cornejo\u00a0<\/td>\n<\/tr>\n<tr>\n<td>Tecnolog\u00eda M\u00e9dica<\/td>\n<td>Diego Cadagan<\/td>\n<\/tr>\n<tr>\n<td>Obstetricia y puericultura\u00a0<\/td>\n<td>Oscar Navarrete Celis<\/td>\n<\/tr>\n<tr>\n<td>Sala 3<\/td>\n<td>Kinesiolog\u00eda<\/td>\n<td>Germ\u00e1n Quintanilla Pardo &#8211; Felipe Caris<\/td>\n<\/tr>\n<tr>\n<td rowspan=\"3\">Sala 4<\/td>\n<td>Fonoaudiolog\u00eda<\/td>\n<td>Pamela Hern\u00e1ndez Ortega &#8211; Mar\u00eda Eugenia Hern\u00e1ndez Medina<\/td>\n<\/tr>\n<tr>\n<td>Psicolog\u00eda<\/td>\n<td>Ignacio Garay Mu\u00f1oz<\/td>\n<\/tr>\n<tr>\n<td>Terapeuta Ocupacional<\/td>\n<td>Javiera Benavides<\/td>\n<\/tr>\n<tr>\n<td rowspan=\"3\">Sala 5<\/td>\n<td>Psicolog\u00eda<\/td>\n<td>Karina San Mart\u00edn Abarca\u00a0 &#8211; Mar\u00eda Cornejos Madariaga<\/td>\n<\/tr>\n<tr>\n<td>Terapia ocupacional<\/td>\n<td>Romina Guerrero Castro<\/td>\n<\/tr>\n<tr>\n<td>Educaci\u00f3n Diferencial<\/td>\n<td>Mar\u00eda Fernanda Pinto<\/td>\n<\/tr>\n<tr>\n<td>Sala 6<\/td>\n<td>Ingenier\u00eda comercial\u00a0<\/td>\n<td width=\"378\">Karla Boehmwald Espinoza &#8211; Mat\u00edas Oyarz\u00fan Marambio<br \/>H\u00e9ctor Acevedo Pulgar &#8211; Gonzalo P\u00e9rez<\/td>\n<\/tr>\n<tr>\n<td rowspan=\"2\">Sala 7<\/td>\n<td>T\u00e9cnico en\u00a0 Mec\u00e1nica<\/td>\n<td>Ignacio Soto Silva &#8211; Anibal Serrano Allende<\/td>\n<\/tr>\n<tr>\n<td>Ingeniero Mec\u00e1nico en Mantenci\u00f3n Industrial<\/td>\n<td>Roberto Ramos Hern\u00e1ndez<\/td>\n<\/tr>\n<tr>\n<td rowspan=\"3\">Sala 8<\/td>\n<td>Medicina Veterinaria\u00a0<\/td>\n<td>Carla Aguayo San Juan<\/td>\n<\/tr>\n<tr>\n<td>Agronom\u00eda<\/td>\n<td>Rosa Rojas Pinilla<\/td>\n<\/tr>\n<tr>\n<td>Administraci\u00f3n agroindustrial<\/td>\n<td>Michel Lara<\/td>\n<\/tr>\n<tr>\n<td rowspan=\"2\">Sala 9<\/td>\n<td>Ingenier\u00eda Civil Estructural<\/td>\n<td>Andr\u00e9s Valencia Contreras &#8211; V\u00edctor Palma<\/td>\n<\/tr>\n<tr>\n<td>Ingenier\u00eda Civil Industrial<\/td>\n<td>Josefina Quintanilla Pardo &#8211; Mart\u00edn Orellana<\/td>\n<\/tr>\n<tr>\n<td rowspan=\"3\">Sala 10<\/td>\n<td>Ingenier\u00eda civil inform\u00e1tica<\/td>\n<td>Jos\u00e9 Escobar &#8211; Felipe Sep\u00falveda Jim\u00e9nez<\/td>\n<\/tr>\n<tr>\n<td>Ingenier\u00eda en Inform\u00e1tica<\/td>\n<td>Ricardo Quezada Cabrera<\/td>\n<\/tr>\n<tr>\n<td>Contabilidad<\/td>\n<td>Carol Gonz\u00e1lez Ib\u00e1\u00f1ez<\/td>\n<\/tr>\n<tr>\n<td>Sala 11<\/td>\n<td>Pedagog\u00eda<\/td>\n<td>Crist\u00f3bal Pardo Bobadilla &#8211; Patricio Contreras S\u00e1nchez<\/td>\n<\/tr>\n<tr>\n<td rowspan=\"4\">Sala 12<\/td>\n<td>T\u00e9cnico en construcci\u00f3n<\/td>\n<td>Christian Gonzalo Hidalgo Olmedo<\/td>\n<\/tr>\n<tr>\n<td>Ingeniero Constructor<\/td>\n<td>Francisco Abarca<\/td>\n<\/tr>\n<tr>\n<td>Ingeniero en prevenci\u00f3n de riesgos<\/td>\n<td>Diego Mu\u00f1oz Sep\u00falveda<\/td>\n<\/tr>\n<tr>\n<td>Ingeniero Agroindustrial &#8211; ingeniero civil Industrial<\/td>\n<td>Richard Cornejo<\/td>\n<\/tr>\n<tr>\n<td rowspan=\"3\">Sala 13<\/td>\n<td>Ingenier\u00eda Civil en Minas<\/td>\n<td>Mauricio Morales Pe\u00f1a<\/td>\n<\/tr>\n<tr>\n<td>Ingenier\u00eda en obras p\u00fablicas<\/td>\n<td>Fernando Vargas Figueroa<\/td>\n<\/tr>\n<tr>\n<td>Ingeniero Civil en obras civiles<\/td>\n<td>Carlos Vera Zariego<\/td>\n<\/tr>\n<tr>\n<td rowspan=\"3\">Sala 14<\/td>\n<td>Dise\u00f1o Gr\u00e1fico<\/td>\n<td>Sebasti\u00e1n Zamorano Rozas<\/td>\n<\/tr>\n<tr>\n<td>Dise\u00f1o teatral\u00a0<\/td>\n<td>Paloma Ruz Valencia\u00a0<\/td>\n<\/tr>\n<tr>\n<td>Fot\u00f3grafo<\/td>\n<td>Mat\u00edas \u00c1lvarez<\/td>\n<\/tr>\n<tr>\n<td rowspan=\"2\">Sala 15<\/td>\n<td>Derecho<\/td>\n<td>Enzo Pierattini &#8211; Jorge Parragu\u00e9 L\u00f3pez<\/td>\n<\/tr>\n<tr>\n<td>Periodismo<\/td>\n<td>Carolina Leiva D\u00edaz\u00a0<\/td>\n<\/tr>\n<tr>\n<td rowspan=\"2\" width=\"80\">Sala <br \/>Conferencias<\/td>\n<td width=\"283\">Charla Registro Social de Hogares<\/td>\n<td>OMIL<\/td>\n<\/tr>\n<tr>\n<td>FUAS<\/td>\n<td>UNAB<\/td>\n<\/tr>\n<\/tbody>\n<\/table>\n<p>[\/et_pb_text][et_pb_text _builder_version=\u00bb4.16&#8243; background_size=\u00bbinitial\u00bb background_position=\u00bbtop_left\u00bb background_repeat=\u00bbrepeat\u00bb global_colors_info=\u00bb{}\u00bb]<\/p>\n<p style=\"text-align: justify;\">Expofuturo es una feria estudiantil que se ha instalado como una actividad tradicional e institucional que pretende desplegar un abanico de posibilidades vocacionales a los j\u00f3venes de nuestro colegio\u00a0<span id=\"more-8716\"><\/span>y comuna abriendo las puertas a carreras universitarias, t\u00e9cnicas y de formaci\u00f3n.<\/p>\n<p>[\/et_pb_text][\/et_pb_column][\/et_pb_row][\/et_pb_section][et_pb_section fb_built=\u00bb1&#8243; _builder_version=\u00bb4.27.4&#8243; _module_preset=\u00bbdefault\u00bb global_colors_info=\u00bb{}\u00bb][et_pb_row _builder_version=\u00bb4.27.4&#8243; _module_preset=\u00bbdefault\u00bb global_colors_info=\u00bb{}\u00bb][et_pb_column type=\u00bb4_4&#8243; _builder_version=\u00bb4.27.4&#8243; _module_preset=\u00bbdefault\u00bb global_colors_info=\u00bb{}\u00bb][et_pb_gallery gallery_ids=\u00bb480,481,482,483,484,485,486,487,488,489,490,491,492,493,494,495,496,497,498,499&#8243; posts_number=\u00bb20&#8243; show_title_and_caption=\u00bboff\u00bb _builder_version=\u00bb4.27.4&#8243; _module_preset=\u00bbdefault\u00bb global_colors_info=\u00bb{}\u00bb][\/et_pb_gallery][\/et_pb_column][\/et_pb_row][\/et_pb_section]<\/p>\n","protected":false},"excerpt":{"rendered":"<p>Sala 1 Medicina Jos\u00e9 Pablo Guerrero Blanco Enfermer\u00eda Sebasti\u00e1n Ignacio Cuevas Cuevas &#8211; Rosa S\u00e1nchez CruzYasna Gonz\u00e1lez Vald\u00e9s &#8211; Aracelli Orellana Canales Sala 2 Qu\u00edmico farmac\u00e9utico Luis Cornejo\u00a0 Tecnolog\u00eda M\u00e9dica Diego Cadagan Obstetricia y puericultura\u00a0 Oscar Navarrete Celis Sala 3 Kinesiolog\u00eda Germ\u00e1n Quintanilla Pardo &#8211; Felipe Caris Sala 4 Fonoaudiolog\u00eda Pamela Hern\u00e1ndez Ortega &#8211; Mar\u00eda [&hellip;]<\/p>\n","protected":false},"author":1,"featured_media":0,"parent":0,"menu_order":2,"comment_status":"closed","ping_status":"closed","template":"","meta":{"_et_pb_use_builder":"on","_et_pb_old_content":"<p style=\"text-align: justify;\">Expofuturo es una feria estudiantil que se ha instalado como una actividad tradicional e institucional que pretende desplegar un abanico de posibilidades vocacionales a los j\u00f3venes de nuestro colegio\u00a0<span id=\"more-8716\"><\/span>y comuna abriendo las puertas a carreras universitarias, t\u00e9cnicas y de formaci\u00f3n.<\/p>","_et_gb_content_width":"","footnotes":""},"class_list":["post-127","page","type-page","status-publish","hentry"],"_links":{"self":[{"href":"https:\/\/www.expofuturo.cl\/index.php\/wp-json\/wp\/v2\/pages\/127","targetHints":{"allow":["GET"]}}],"collection":[{"href":"https:\/\/www.expofuturo.cl\/index.php\/wp-json\/wp\/v2\/pages"}],"about":[{"href":"https:\/\/www.expofuturo.cl\/index.php\/wp-json\/wp\/v2\/types\/page"}],"author":[{"embeddable":true,"href":"https:\/\/www.expofuturo.cl\/index.php\/wp-json\/wp\/v2\/users\/1"}],"replies":[{"embeddable":true,"href":"https:\/\/www.expofuturo.cl\/index.php\/wp-json\/wp\/v2\/comments?post=127"}],"version-history":[{"count":9,"href":"https:\/\/www.expofuturo.cl\/index.php\/wp-json\/wp\/v2\/pages\/127\/revisions"}],"predecessor-version":[{"id":553,"href":"https:\/\/www.expofuturo.cl\/index.php\/wp-json\/wp\/v2\/pages\/127\/revisions\/553"}],"wp:attachment":[{"href":"https:\/\/www.expofuturo.cl\/index.php\/wp-json\/wp\/v2\/media?parent=127"}],"curies":[{"name":"wp","href":"https:\/\/api.w.org\/{rel}","templated":true}]}}